{"id":1144,"date":"2025-05-28T18:16:12","date_gmt":"2025-05-28T16:16:12","guid":{"rendered":"http:\/\/hosting2545269.online.pro\/home\/virtual\/clients\/client6\/web182\/web\/?page_id=1144"},"modified":"2025-06-26T15:21:19","modified_gmt":"2025-06-26T13:21:19","slug":"archiwum-reprografie","status":"publish","type":"page","link":"https:\/\/archiwa.diecezja.lublin.pl\/index.php\/archiwum-reprografie\/","title":{"rendered":"Archiwum reprografie"},"content":{"rendered":"<div class=\"woocommerce\">\n    \n    <section class=\"u-clearfix u-valign-top-lg u-valign-top-md u-valign-top-sm u-valign-top-xs u-white u-section-2\" id=\"sec-7203\">\n      <div class=\"u-clearfix u-sheet u-sheet-1\">\n        <img decoding=\"async\" class=\"u-absolute-hcenter u-expanded-height u-image u-image-contain u-image-1\" src=\"https:\/\/archiwa.diecezja.lublin.pl\/wp-content\/uploads\/2025\/06\/image_with_white_gradient_border-13.png\" data-image-width=\"2000\" data-image-height=\"731\">\n      <\/div>\n    <\/section>\n    <section class=\"u-clearfix u-grey-5 u-section-3\" id=\"block-2\">\n      <div class=\"u-clearfix u-sheet u-valign-middle-lg u-sheet-1\">\n        <img decoding=\"async\" class=\"u-image u-image-default u-image-1\" src=\"https:\/\/archiwa.diecezja.lublin.pl\/wp-content\/uploads\/2025\/05\/DSC_0020.jpg\" alt=\"\" data-image-width=\"903\" data-image-height=\"600\">\n        <p class=\"u-align-justify u-text u-text-1\"> W archiwum znajduje si\u0119 pracownia reprograficzna, \u015bwiadcz\u0105ca us\u0142ugi zainteresowanym u\u017cytkownikom zasobu archiwalnego zgodnie z postanowieniami Regulaminu Archiwum Archidiecezjalnego Lubelskiego.&nbsp;Podstawow\u0105 form\u0105 kopiowania materia\u0142\u00f3w jest fotografia cyfrowa. Sporz\u0105dzanie kserokopii dotyczy wy\u0142\u0105cznie uzasadnionych wypadk\u00f3w. Zar\u00f3wno us\u0142ugi reprograficzne, jak te\u017c uzyskanie zgody na publikacj\u0119, prezentacj\u0119 i reprodukcj\u0119 materia\u0142\u00f3w uzyskanych drog\u0105 kopiowania s\u0105 p\u0142atne zgodnie z cennikiem us\u0142ug archiwalnych \u015bwiadczonych w archiwum. Zamawianie niniejszych us\u0142ug jest mo\u017cliwe wy\u0142\u0105cznie osobi\u015bcie i bezpo\u015brednio na miejscu.<\/p>\n        <p class=\"u-align-left u-text u-text-2\"> Formularz nr 4<br><span style=\"font-weight: 700;\">Zam\u00f3wienie na us\u0142ug\u0119 reprograficzn\u0105<\/span>&nbsp;-&nbsp;<a target=\"_blank\" href=\"https:\/\/archiwa.diecezja.lublin.pl\/wp-content\/uploads\/2025\/06\/ZAMWIENIENAUSUGREPROGRAFICZNFormularznr4.doc\" class=\"u-active-none u-border-none u-btn u-button-style u-file-link u-hover-none u-none u-text-palette-1-base u-btn-1\">pobierz<\/a>\n        <\/p>\n      <\/div>\n    <\/section>\n    \n    \n    \n    \n  \n<\/div>","protected":false},"excerpt":{"rendered":"<p>W archiwum znajduje si\u0119 pracownia reprograficzna, \u015bwiadcz\u0105ca us\u0142ugi zainteresowanym u\u017cytkownikom zasobu archiwalnego zgodnie z postanowieniami Regulaminu Archiwum Archidiecezjalnego Lubelskiego.&nbsp;Podstawow\u0105 form\u0105 kopiowania materia\u0142\u00f3w jest fotografia cyfrowa. Sporz\u0105dzanie kserokopii dotyczy wy\u0142\u0105cznie uzasadnionych wypadk\u00f3w. Zar\u00f3wno us\u0142ugi reprograficzne, jak te\u017c uzyskanie zgody na publikacj\u0119, prezentacj\u0119 i reprodukcj\u0119 materia\u0142\u00f3w uzyskanych drog\u0105 kopiowania s\u0105 p\u0142atne zgodnie z cennikiem us\u0142ug archiwalnych \u015bwiadczonych &hellip; <a href=\"https:\/\/archiwa.diecezja.lublin.pl\/index.php\/archiwum-reprografie\/\" class=\"more-link\">Continue reading<span class=\"screen-reader-text\"> &#8222;Archiwum reprografie&#8221;<\/span><\/a><\/p>\n","protected":false},"author":1,"featured_media":0,"parent":0,"menu_order":0,"comment_status":"closed","ping_status":"closed","template":"","meta":{"footnotes":""},"class_list":["post-1144","page","type-page","status-publish","hentry"],"_links":{"self":[{"href":"https:\/\/archiwa.diecezja.lublin.pl\/index.php\/wp-json\/wp\/v2\/pages\/1144","targetHints":{"allow":["GET"]}}],"collection":[{"href":"https:\/\/archiwa.diecezja.lublin.pl\/index.php\/wp-json\/wp\/v2\/pages"}],"about":[{"href":"https:\/\/archiwa.diecezja.lublin.pl\/index.php\/wp-json\/wp\/v2\/types\/page"}],"author":[{"embeddable":true,"href":"https:\/\/archiwa.diecezja.lublin.pl\/index.php\/wp-json\/wp\/v2\/users\/1"}],"replies":[{"embeddable":true,"href":"https:\/\/archiwa.diecezja.lublin.pl\/index.php\/wp-json\/wp\/v2\/comments?post=1144"}],"version-history":[{"count":7,"href":"https:\/\/archiwa.diecezja.lublin.pl\/index.php\/wp-json\/wp\/v2\/pages\/1144\/revisions"}],"predecessor-version":[{"id":1347,"href":"https:\/\/archiwa.diecezja.lublin.pl\/index.php\/wp-json\/wp\/v2\/pages\/1144\/revisions\/1347"}],"wp:attachment":[{"href":"https:\/\/archiwa.diecezja.lublin.pl\/index.php\/wp-json\/wp\/v2\/media?parent=1144"}],"curies":[{"name":"wp","href":"https:\/\/api.w.org\/{rel}","templated":true}]}}