{"id":1129,"date":"2025-05-28T18:15:06","date_gmt":"2025-05-28T16:15:06","guid":{"rendered":"http:\/\/hosting2545269.online.pro\/home\/virtual\/clients\/client6\/web182\/web\/?page_id=1129"},"modified":"2025-06-11T17:13:51","modified_gmt":"2025-06-11T15:13:51","slug":"archiwum-identyfikator","status":"publish","type":"page","link":"https:\/\/archiwa.diecezja.lublin.pl\/index.php\/archiwum-identyfikator\/","title":{"rendered":"Archiwum identyfikator"},"content":{"rendered":"<div class=\"woocommerce\">\n    \n    <section class=\"u-clearfix u-valign-top-lg u-valign-top-md u-valign-top-sm u-valign-top-xs u-white u-section-2\" id=\"sec-16a9\">\n      <div class=\"u-clearfix u-sheet u-sheet-1\">\n        <img decoding=\"async\" class=\"u-absolute-hcenter u-expanded-height u-image u-image-contain u-image-1\" src=\"https:\/\/archiwa.diecezja.lublin.pl\/wp-content\/uploads\/2025\/06\/image_with_white_gradient_border-5.png\" data-image-width=\"2000\" data-image-height=\"731\">\n      <\/div>\n    <\/section>\n    <section class=\"u-clearfix u-grey-5 u-section-3\" id=\"block-2\">\n      <div class=\"u-clearfix u-sheet u-valign-middle-lg u-sheet-1\">\n        <p class=\"u-align-left u-text u-text-1\">U\u017cytkownik zasobu archiwalnego, zgodnie z regulaminem, zobowi\u0105zany jest do zaopatrzenia si\u0119 i pos\u0142ugiwania imiennym identyfikatorem u\u017cytkownika. Wydaje go pracownik archiwum na pro\u015bb\u0119 zainteresowanego. Identyfikator wydawany jest odp\u0142atnie. Koszt identyfikatora, zachowuj\u0105cego wa\u017cno\u015b\u0107 przez okres jednego roku od pierwszej wizyty u\u017cytkownika w archiwum, wynosi 30 z\u0142. Do identyfikatora do\u0142\u0105czana jest bezp\u0142atnie para bia\u0142ych r\u0119kawiczek bawe\u0142nianych. Ka\u017cda dodatkowa para r\u0119kawiczek jest p\u0142atna, a jej cena wynosi 10 z\u0142. U\u017cywanie r\u0119kawiczek w trakcie korzystania z materia\u0142\u00f3w archiwalnych jest obowi\u0105zkowe. <\/p>\n        <img decoding=\"async\" class=\"u-image u-image-default u-image-1\" src=\"https:\/\/archiwa.diecezja.lublin.pl\/wp-content\/uploads\/2025\/05\/9531366387.jpg\" alt=\"\" data-image-width=\"398\" data-image-height=\"600\">\n      <\/div>\n    <\/section>\n    \n    \n    \n    \n  \n<\/div>","protected":false},"excerpt":{"rendered":"<p>U\u017cytkownik zasobu archiwalnego, zgodnie z regulaminem, zobowi\u0105zany jest do zaopatrzenia si\u0119 i pos\u0142ugiwania imiennym identyfikatorem u\u017cytkownika. Wydaje go pracownik archiwum na pro\u015bb\u0119 zainteresowanego. Identyfikator wydawany jest odp\u0142atnie. Koszt identyfikatora, zachowuj\u0105cego wa\u017cno\u015b\u0107 przez okres jednego roku od pierwszej wizyty u\u017cytkownika w archiwum, wynosi 30 z\u0142. Do identyfikatora do\u0142\u0105czana jest bezp\u0142atnie para bia\u0142ych r\u0119kawiczek bawe\u0142nianych. Ka\u017cda dodatkowa &hellip; <a href=\"https:\/\/archiwa.diecezja.lublin.pl\/index.php\/archiwum-identyfikator\/\" class=\"more-link\">Continue reading<span class=\"screen-reader-text\"> &#8222;Archiwum identyfikator&#8221;<\/span><\/a><\/p>\n","protected":false},"author":1,"featured_media":0,"parent":0,"menu_order":0,"comment_status":"closed","ping_status":"closed","template":"","meta":{"footnotes":""},"class_list":["post-1129","page","type-page","status-publish","hentry"],"_links":{"self":[{"href":"https:\/\/archiwa.diecezja.lublin.pl\/index.php\/wp-json\/wp\/v2\/pages\/1129","targetHints":{"allow":["GET"]}}],"collection":[{"href":"https:\/\/archiwa.diecezja.lublin.pl\/index.php\/wp-json\/wp\/v2\/pages"}],"about":[{"href":"https:\/\/archiwa.diecezja.lublin.pl\/index.php\/wp-json\/wp\/v2\/types\/page"}],"author":[{"embeddable":true,"href":"https:\/\/archiwa.diecezja.lublin.pl\/index.php\/wp-json\/wp\/v2\/users\/1"}],"replies":[{"embeddable":true,"href":"https:\/\/archiwa.diecezja.lublin.pl\/index.php\/wp-json\/wp\/v2\/comments?post=1129"}],"version-history":[{"count":6,"href":"https:\/\/archiwa.diecezja.lublin.pl\/index.php\/wp-json\/wp\/v2\/pages\/1129\/revisions"}],"predecessor-version":[{"id":1285,"href":"https:\/\/archiwa.diecezja.lublin.pl\/index.php\/wp-json\/wp\/v2\/pages\/1129\/revisions\/1285"}],"wp:attachment":[{"href":"https:\/\/archiwa.diecezja.lublin.pl\/index.php\/wp-json\/wp\/v2\/media?parent=1129"}],"curies":[{"name":"wp","href":"https:\/\/api.w.org\/{rel}","templated":true}]}}