{"id":1125,"date":"2025-05-28T18:16:03","date_gmt":"2025-05-28T16:16:03","guid":{"rendered":"http:\/\/hosting2545269.online.pro\/home\/virtual\/clients\/client6\/web182\/web\/?page_id=1125"},"modified":"2025-06-26T15:11:50","modified_gmt":"2025-06-26T13:11:50","slug":"archiwum-regulamin","status":"publish","type":"page","link":"https:\/\/archiwa.diecezja.lublin.pl\/index.php\/archiwum-regulamin\/","title":{"rendered":"Archiwum regulamin"},"content":{"rendered":"<div class=\"woocommerce\">\n    \n    <section class=\"u-clearfix u-valign-top-lg u-valign-top-md u-valign-top-sm u-valign-top-xs u-white u-section-2\" id=\"sec-3ce3\">\n      <div class=\"u-clearfix u-sheet u-sheet-1\">\n        <img decoding=\"async\" class=\"u-absolute-hcenter u-expanded-height u-image u-image-contain u-image-1\" src=\"https:\/\/archiwa.diecezja.lublin.pl\/wp-content\/uploads\/2025\/06\/image_with_white_gradient_border-12.png\" data-image-width=\"2000\" data-image-height=\"731\">\n      <\/div>\n    <\/section>\n    <section class=\"u-clearfix u-grey-5 u-section-3\" id=\"block-2\">\n      <div class=\"u-clearfix u-sheet u-valign-middle-lg u-valign-middle-md u-valign-middle-xl u-sheet-1\">\n        <p class=\"u-align-center u-text u-text-1\"><span style=\"font-weight: 700;\"><\/span><b>REGULAMIN<\/b>&nbsp;<br><b>ARCHIWUM\nARCHIDIECEZJALNEGO LUBELSKIEGO<\/b> &nbsp;<br>\n          <br><b>\u00a7 1<\/b>&nbsp;<br>\n          <br>1. Materia\u0142y archiwalne przechowywane w\nArchiwum Archidiecezjalnym Lubelskim, z wyj\u0105tkiem akt zastrze\u017conych, s\u0105\nudost\u0119pniane wszystkim zainteresowanym w pracowni naukowej, po uzyskaniu\nzezwolenia dyrektora Archiwum na z\u0142o\u017con\u0105 pisemn\u0105 pro\u015bb\u0119. W uzasadnionych\nwypadkach dyrektor mo\u017ce odm\u00f3wi\u0107 udost\u0119pnienia materia\u0142\u00f3w archiwalnych.&nbsp;<br>\n          <br>2. Korzystanie z materia\u0142\u00f3w zastrze\u017conych\nwymaga zgody Arcybiskupa Lubelskiego.&nbsp;<br>\n          <br>3. Archiwum nie wypo\u017cycza materia\u0142\u00f3w\narchiwalnych na zewn\u0105trz.&nbsp;<br>\n          <br>4. Z wyj\u0105tkiem przypadk\u00f3w uzasadnionych\nwzgl\u0119dami merytorycznymi nie udost\u0119pnia si\u0119 orygina\u0142\u00f3w archiwali\u00f3w, gdy\nArchiwum posiada ich mikrofilm lub kserokopi\u0119.&nbsp;<br>\n          <br>5. W pro\u015bbie o udost\u0119pnienie materia\u0142\u00f3w\narchiwalnych (<a href=\"https:\/\/archiwa.diecezja.lublin.pl\/wp-content\/uploads\/2025\/06\/PODANIEFormularznr1.docx\" target=\"_blank\" class=\"u-active-none u-border-none u-btn u-button-style u-file-link u-hover-none u-none u-text-palette-1-base u-btn-1\">formularz nr 1<\/a>) nale\u017cy\npoda\u0107:&nbsp;<!--[if !supportLists]-->\n          <br>\n          <br>a.&nbsp;&nbsp; <!--[endif]-->sygnatur\u0119 akt z jakich zamierza si\u0119\nkorzysta\u0107,&nbsp;<!--[if !supportLists]-->\n          <br>b.&nbsp;&nbsp; <!--[endif]-->temat pracy i jej ramy chronologiczne lub\ncel wykorzystania materia\u0142\u00f3w,&nbsp;<!--[if !supportLists]-->\n          <br>c.&nbsp;&nbsp;&nbsp; <!--[endif]-->stanowisko i miejsce pracy u\u017cytkownika,&nbsp;<!--[if !supportLists]-->\n          <br>d.&nbsp;&nbsp; <!--[endif]-->adres zamieszkania u\u017cytkownika,&nbsp;<!--[if !supportLists]-->\n          <br>e.&nbsp;&nbsp; <!--[endif]-->zobowi\u0105zanie do przestrzegania przepis\u00f3w\nniniejszego regulaminu,&nbsp;<!--[if !supportLists]-->\n          <br>f.&nbsp;&nbsp;&nbsp;&nbsp; <!--[endif]-->zobowi\u0105zanie do dostarczenia do Archiwum\njednego egzemplarza opublikowanej pracy.&nbsp;<br>\n          <br>6. W wypadku, gdy zainteresowany\nkorzystaniem z zasobu Archiwum nie jest samodzielnym pracownikiem naukowym,\nwymagane jest pismo polecaj\u0105ce z uczelni, urz\u0119du, instytucji, organizacji lub\nod w\u0142asnego ksi\u0119dza proboszcza.&nbsp;<br>\n          <br>7. W celu zabezpieczenia interes\u00f3w\nArchiwum oraz praw os\u00f3b trzecich u\u017cytkownik materia\u0142\u00f3w archiwalnych oraz zamawiaj\u0105cy\nus\u0142ugi archiwalne winien z\u0142o\u017cy\u0107 pisemne o\u015bwiadczenie o wykorzystaniu materia\u0142\u00f3w\nlub ich kopii w spos\u00f3b niesprzeczny z obowi\u0105zuj\u0105cymi przepisami prawa, w\nszczeg\u00f3lno\u015bci z zakresu ochrony danych osobowych, d\u00f3br osobistych i praw\nautorskich (<a href=\"https:\/\/archiwa.diecezja.lublin.pl\/wp-content\/uploads\/2025\/06\/OWIADCZENIEFormularznr2-1.doc\" target=\"_blank\" class=\"u-active-none u-border-none u-btn u-button-style u-file-link u-hover-none u-none u-text-palette-1-base u-btn-2\">formularz nr 2<\/a>).&nbsp;<br>\n          <br>8. Na podstawie z\u0142o\u017conej pro\u015bby wydawany\njest odp\u0142atnie identyfikator u\u017cytkownika zasobu archiwalnego, wa\u017cny przez rok\nod pierwszej wizyty.\n&nbsp;&nbsp;<br>\n          <br><b>\u00a7 2<\/b>&nbsp;<br>\n          <br>1. Pracownia naukowa czynna jest\ncodziennie z wyj\u0105tkiem sob\u00f3t, niedziel, \u015bwi\u0105t pa\u0144stwowych i ko\u015bcielnych w\ngodzinach od 9.30 do 13.30. W okresie od 15 lipca do 31 sierpnia pracownia\nnaukowa jest nieczynna.&nbsp;<br>\n          <br>2. Archiwum prowadzi ewidencj\u0119\nu\u017cytkownik\u00f3w oraz ewidencj\u0119 materia\u0142\u00f3w udost\u0119pnionych. Przed otrzymaniem\nzam\u00f3wionych materia\u0142\u00f3w archiwalnych u\u017cytkownik zobowi\u0105zany jest do wpisania si\u0119\ndo ksi\u0119gi ewidencyjnej.&nbsp;<br>\n          <br>3. Osoby, kt\u00f3re otrzyma\u0142y zgod\u0119 na\nkorzystanie z archiwali\u00f3w s\u0105 r\u00f3wnocze\u015bnie uprawnione do korzystania z ksi\u0119gozbioru\npodr\u0119cznego Archiwum.\n&nbsp;&nbsp;<br>\n          <br><b>\u00a7 3<\/b>&nbsp;<br>\n          <br>1. U\u017cytkownik zobowi\u0105zany jest zachowa\u0107\ndba\u0142o\u015b\u0107 o wyposa\u017cenie pracowni naukowej.&nbsp;<br>\n          <br>2. Okrycie wierzchnie, teczki i torby\nu\u017cytkownik winien pozostawi\u0107 w szatni.&nbsp;<br>\n          <br>3. Do pracowni naukowej nie wolno wnosi\u0107\nprzedmiot\u00f3w i substancji (w tym artyku\u0142\u00f3w spo\u017cywczych) mog\u0105cych spowodowa\u0107\nuszkodzenia dokument\u00f3w.&nbsp;<br>\n          <br>4. W przypadkach uzasadnionych wzgl\u0119dami\nbezpiecze\u0144stwa zasobu pracownik dy\u017curny mo\u017ce przeprowadzi\u0107 kontrol\u0119 przedmiot\u00f3w\nwnoszonych i wynoszonych przez u\u017cytkownika.&nbsp;<br>\n          <br>5. W Archiwum obowi\u0105zuje zakaz u\u017cywania\ntelefon\u00f3w kom\u00f3rkowych.\n&nbsp;<br>\n          <br>&nbsp;&nbsp;<b>\u00a7 4<\/b>&nbsp;<br>\n          <br>1. Podstaw\u0119 do sprowadzenia materia\u0142\u00f3w\narchiwalnych z magazynu do pracowni naukowej stanowi zam\u00f3wienie rewers (<a href=\"https:\/\/archiwa.diecezja.lublin.pl\/wp-content\/uploads\/2025\/06\/RewersFormularznr3x4.doc\" target=\"_blank\" class=\"u-active-none u-border-none u-btn u-button-style u-file-link u-hover-none u-none u-text-palette-1-base u-btn-3\">formularz nr 3<\/a>). Przy\njego wype\u0142nianiu nale\u017cy poda\u0107 nazw\u0119 zespo\u0142u archiwalnego i sygnatur\u0119 jednostki.&nbsp;<br>\n          <br>2. Przed z\u0142o\u017ceniem zam\u00f3wienia u\u017cytkownik\nzobowi\u0105zany jest do okazania dokumentu to\u017csamo\u015bci oraz identyfikatora\nu\u017cytkownika zasobu archiwalnego.&nbsp;<br>\n          <br>3. Dy\u017curny pracownik Archiwum przyjmuje od\nu\u017cytkownika zam\u00f3wienia na archiwalia i udost\u0119pnia materia\u0142y oraz udziela\nu\u017cytkownikowi niezb\u0119dnych informacji i wyja\u015bnie\u0144.&nbsp;<br>\n          <br>4. Jednostki archiwalne nale\u017cy zamawia\u0107\npojedynczo. U\u017cytkownik mo\u017ce korzysta\u0107 na bie\u017c\u0105co z jednej jednostki\narchiwalnej. Kolejna zam\u00f3wiona jednostka jest dostarczana po zwrocie\npoprzedniej. Dziennie udost\u0119pnianych jest nie wi\u0119cej ni\u017c 5 jednostek aktowych. W\nszczeg\u00f3lnych, indywidualnych przypadkach, za zgod\u0105 dyrektora Archiwum dopuszcza\nsi\u0119 odst\u0105pienie od dziennych limit\u00f3w.\n&nbsp;&nbsp;<br>\n          <br><b>\u00a7 5<\/b>&nbsp;<br>\n          <br>1. U\u017cytkownik zobowi\u0105zany jest do troski o\nstan fizyczny i bezpiecze\u0144stwo otrzymanych materia\u0142\u00f3w.&nbsp;<br>\n          <br>2. W pracowni nale\u017cy korzysta\u0107 z otrzymanych\nbia\u0142ych bawe\u0142nianych r\u0119kawiczek.&nbsp;<br>\n          <br>3. Nie nale\u017cy zmienia\u0107 porz\u0105dku uk\u0142adu\nudost\u0119pnionych archiwali\u00f3w.&nbsp;<br>\n          <br>4. Sporz\u0105dzanie notatek mo\u017cliwe jest\njedynie przy u\u017cyciu komputera przeno\u015bnego, innego urz\u0105dzenia elektronicznego\nlub o\u0142\u00f3wka.&nbsp;<br>\n          <br>5. Zabrania si\u0119 umieszczania komputer\u00f3w\nprzeno\u015bnych i innych urz\u0105dze\u0144 elektronicznych na materia\u0142ach archiwalnych, jak\nr\u00f3wnie\u017c sporz\u0105dzania notatek na papierze po\u0142o\u017conym bezpo\u015brednio na\narchiwaliach, z wyj\u0105tkiem wykonywania odrys\u00f3w np. z map i plan\u00f3w.&nbsp;<br>\n          <br>6. Nie wolno zamieszcza\u0107 notatek, znak\u00f3w\nlub uwag na wykorzystywanych materia\u0142ach.\n&nbsp;&nbsp;<br>\n          <br><b>\u00a7 6<\/b>&nbsp;<br>\n          <br>1. U\u017cytkownik powinien korzysta\u0107 z\nmateria\u0142\u00f3w w spos\u00f3b niezak\u0142\u00f3caj\u0105cy pracy innych os\u00f3b.&nbsp;<br>\n          <br>2. Nie nale\u017cy udost\u0119pnia\u0107 otrzymanych\nmateria\u0142\u00f3w archiwalnych innym osobom znajduj\u0105cym si\u0119 w pracowni naukowej.&nbsp;<br>\n          <br>3. Po zako\u0144czeniu kwerendy u\u017cytkownik\nzobowi\u0105zany jest osobi\u015bcie zwr\u00f3ci\u0107 udost\u0119pnione materia\u0142y archiwalne\ndy\u017curuj\u0105cemu pracownikowi, kt\u00f3ry sprawdza stan zachowania archiwali\u00f3w.&nbsp;<br>\n          <br>4. Przy zwrocie archiwali\u00f3w u\u017cytkownik\nwinien poinformowa\u0107 odbieraj\u0105cego je pracownika b\u0105d\u017a o ich wycofaniu do\nmagazynu, b\u0105d\u017a o ich pozostawieniu do ponownego wykorzystania. Materia\u0142y mog\u0105\nby\u0107 od\u0142o\u017cone na okres jednego tygodnia.\n&nbsp;&nbsp;<br>\n          <br><b>\u00a7 7<\/b>&nbsp;<br>\n          <br>1. Zabrania si\u0119 samodzielnego\nreprodukowania materia\u0142\u00f3w archiwalnych przy u\u017cyciu aparatu fotograficznego lub\nw jakikolwiek inny spos\u00f3b. Na zam\u00f3wienie u\u017cytkownika w Archiwum \u015bwiadczone s\u0105\nus\u0142ugi reprograficzne.&nbsp;<br>\n          <br>2. W zam\u00f3wieniu na us\u0142ug\u0119 reprograficzn\u0105 (<a href=\"https:\/\/archiwa.diecezja.lublin.pl\/wp-content\/uploads\/2025\/06\/ZAMWIENIENAUSUGREPROGRAFICZNFormularznr4-1.doc\" target=\"_blank\" class=\"u-active-none u-border-none u-btn u-button-style u-file-link u-hover-none u-none u-text-palette-1-base u-btn-4\">formularz nr 4<\/a>) nale\u017cy\npoda\u0107: nazw\u0119 zespo\u0142u archiwalnego, sygnatur\u0119 jednostki oraz numer strony lub\nkarty b\u0105d\u017a te\u017c w inny spos\u00f3b jednoznacznie okre\u015bli\u0107, kt\u00f3re fragmenty maj\u0105 by\u0107\nskopiowane.&nbsp;<br>\n          <br>3. Zgod\u0119 na wykonanie us\u0142ugi\nreprograficznej wydaje dyrektor Archiwum, kt\u00f3ry mo\u017ce jej odm\u00f3wi\u0107 w zwi\u0105zku z\nryzykiem uszkodzenia materia\u0142\u00f3w archiwalnych b\u0105d\u017a brakiem mo\u017cliwo\u015bci wykonania\nus\u0142ugi z powod\u00f3w technicznych lub organizacyjnych.&nbsp;<br>\n          <br>4. W szczeg\u00f3lnych wypadkach dyrektor mo\u017ce\nwyrazi\u0107 zgod\u0119 na wykorzystanie przez u\u017cytkownika w\u0142asnego urz\u0105dzenia\nkopiuj\u0105cego w celu dope\u0142nienia us\u0142ugi reprograficznej, kt\u00f3rej wykonanie\nprzekracza mo\u017cliwo\u015bci pracowni znajduj\u0105cej si\u0119 w Archiwum.&nbsp;<br>\n          <br>5. Kopie wykonywane s\u0105 zasadniczo dla\npotrzeb w\u0142asnych u\u017cytkownika. Warunkiem publikacji lub prezentacji wykonanych\nkopii jest otrzymanie przez u\u017cytkownika zgody dyrektora Archiwum z okre\u015bleniem\nsposobu i czasu ich wykorzystania.\n&nbsp;<br>\n          <br><b>\u00a7 8<\/b>&nbsp;<br>\n          <br>1. U\u017cytkownik zobowi\u0105zany jest do\nzapoznania si\u0119 z niniejszym regulaminem i do jego przestrzegania.&nbsp;<br>\n          <br>2. W kwestiach porz\u0105dkowych nieobj\u0119tych\nregulaminem u\u017cytkownik winien stosowa\u0107 si\u0119 do polece\u0144 pracownika.&nbsp;<br>\n          <br>3. Nieprzestrzeganie regulaminu lub\nniestosowanie si\u0119 do polece\u0144 pracownika Archiwum mo\u017ce poci\u0105gn\u0105\u0107 za sob\u0105 sta\u0142e\nlub czasowe cofni\u0119cie zezwolenia na korzystanie z archiwali\u00f3w.&nbsp; &nbsp; &nbsp;<br>\n          <br>\n          <a href=\"https:\/\/archiwa.diecezja.lublin.pl\/wp-content\/uploads\/2025\/06\/KLAUZULAINFORMACYJNAFormularznr5.doc\" class=\"u-active-none u-border-none u-btn u-button-link u-button-style u-file-link u-hover-none u-none u-text-palette-1-base u-btn-5\">Formularz nr 5 - RODO<\/a>\n          <br>\n          <br>\n        <\/p>\n      <\/div>\n    <\/section>\n    \n    \n    \n    \n  \n<\/div>","protected":false},"excerpt":{"rendered":"<p>REGULAMIN&nbsp;ARCHIWUM ARCHIDIECEZJALNEGO LUBELSKIEGO &nbsp; \u00a7 1&nbsp; 1. Materia\u0142y archiwalne przechowywane w Archiwum Archidiecezjalnym Lubelskim, z wyj\u0105tkiem akt zastrze\u017conych, s\u0105 udost\u0119pniane wszystkim zainteresowanym w pracowni naukowej, po uzyskaniu zezwolenia dyrektora Archiwum na z\u0142o\u017con\u0105 pisemn\u0105 pro\u015bb\u0119. W uzasadnionych wypadkach dyrektor mo\u017ce odm\u00f3wi\u0107 udost\u0119pnienia materia\u0142\u00f3w archiwalnych.&nbsp; 2. Korzystanie z materia\u0142\u00f3w zastrze\u017conych wymaga zgody Arcybiskupa Lubelskiego.&nbsp; 3. Archiwum nie &hellip; <a href=\"https:\/\/archiwa.diecezja.lublin.pl\/index.php\/archiwum-regulamin\/\" class=\"more-link\">Continue reading<span class=\"screen-reader-text\"> &#8222;Archiwum regulamin&#8221;<\/span><\/a><\/p>\n","protected":false},"author":1,"featured_media":0,"parent":0,"menu_order":0,"comment_status":"closed","ping_status":"closed","template":"","meta":{"footnotes":""},"class_list":["post-1125","page","type-page","status-publish","hentry"],"_links":{"self":[{"href":"https:\/\/archiwa.diecezja.lublin.pl\/index.php\/wp-json\/wp\/v2\/pages\/1125","targetHints":{"allow":["GET"]}}],"collection":[{"href":"https:\/\/archiwa.diecezja.lublin.pl\/index.php\/wp-json\/wp\/v2\/pages"}],"about":[{"href":"https:\/\/archiwa.diecezja.lublin.pl\/index.php\/wp-json\/wp\/v2\/types\/page"}],"author":[{"embeddable":true,"href":"https:\/\/archiwa.diecezja.lublin.pl\/index.php\/wp-json\/wp\/v2\/users\/1"}],"replies":[{"embeddable":true,"href":"https:\/\/archiwa.diecezja.lublin.pl\/index.php\/wp-json\/wp\/v2\/comments?post=1125"}],"version-history":[{"count":7,"href":"https:\/\/archiwa.diecezja.lublin.pl\/index.php\/wp-json\/wp\/v2\/pages\/1125\/revisions"}],"predecessor-version":[{"id":1326,"href":"https:\/\/archiwa.diecezja.lublin.pl\/index.php\/wp-json\/wp\/v2\/pages\/1125\/revisions\/1326"}],"wp:attachment":[{"href":"https:\/\/archiwa.diecezja.lublin.pl\/index.php\/wp-json\/wp\/v2\/media?parent=1125"}],"curies":[{"name":"wp","href":"https:\/\/api.w.org\/{rel}","templated":true}]}}