{"id":1121,"date":"2025-05-28T18:14:56","date_gmt":"2025-05-28T16:14:56","guid":{"rendered":"http:\/\/hosting2545269.online.pro\/home\/virtual\/clients\/client6\/web182\/web\/?page_id=1121"},"modified":"2025-06-11T17:06:14","modified_gmt":"2025-06-11T15:06:14","slug":"archiwum-godziny","status":"publish","type":"page","link":"https:\/\/archiwa.diecezja.lublin.pl\/index.php\/archiwum-godziny\/","title":{"rendered":"Archiwum godziny"},"content":{"rendered":"<div class=\"woocommerce\">\n    \n    <section class=\"u-clearfix u-valign-top-lg u-valign-top-md u-valign-top-sm u-valign-top-xs u-white u-section-2\" id=\"sec-bd1c\">\n      <div class=\"u-clearfix u-sheet u-sheet-1\">\n        <img decoding=\"async\" class=\"u-absolute-hcenter u-expanded-height u-image u-image-contain u-image-1\" src=\"https:\/\/archiwa.diecezja.lublin.pl\/wp-content\/uploads\/2025\/06\/image_with_white_gradient_border-3.png\" data-image-width=\"2000\" data-image-height=\"731\">\n      <\/div>\n    <\/section>\n    <section class=\"u-clearfix u-grey-5 u-section-3\" id=\"block-2\">\n      <div class=\"u-clearfix u-sheet u-valign-middle-lg u-valign-middle-md u-valign-middle-xl u-sheet-1\">\n        <p class=\"u-align-center u-text u-text-1\"><span style=\"font-weight: 700;\"> Pracownia naukowa archiwum<br>czynna jest codziennie z wyj\u0105tkiem sob\u00f3t, niedziel, \u015bwi\u0105t pa\u0144stwowych i ko\u015bcielnych<br>w godzinach od 9.30 do 13.30.&nbsp;<\/span>\n          <br>\n          <br>W okresie od 15 lipca do 31 sierpnia pracownia naukowa jest nieczynna.&nbsp;<br>\n          <br>W zwi\u0105zku z rozbie\u017cno\u015bciami w zwyczajach zachowywania dni wolnych od pracy w r\u00f3\u017cnych instytucjach ko\u015bcielnych zach\u0119camy do sprawdzania aktualnego statusu dost\u0119pno\u015bci archiwum na niniejszej stronie.&nbsp;<br><span style=\"font-weight: 700;\">\n            <br>Dodatkowe dni wolne od pracy w 2020 roku w Archiwum Archidiecezjalnym Lubelskim:&nbsp;<\/span>\n          <br>\n          <br>26 lutego - \u015aroda Popielcowa<br>25 marca \u2013 Zwiastowanie Pa\u0144skie<br>10 kwietnia - Wielki Pi\u0105tek<br>1 czerwca \u2013 NMP Matki Ko\u015bcio\u0142a<br>12 czerwca - pi\u0105tek po Bo\u017cym Ciele<br>8 wrze\u015bnia - Narodzenia NMP<br>2 listopada - Dzie\u0144 Zaduszny<br>8 grudnia - Niepokalanego Pocz\u0119cia NMP<br>24 grudnia \u2013 Wigilia Narodzenia Pa\u0144skiego<br>\n          <br><span style=\"font-weight: 700;\">Ponadto z uwagi na prace porz\u0105dkowe pracownia naukowa b\u0119dzie nieczynna w dniach 28-31 grudnia 2020 roku<\/span>\n        <\/p>\n      <\/div>\n    <\/section>\n    \n    \n    \n    \n  \n<\/div>","protected":false},"excerpt":{"rendered":"<p>Pracownia naukowa archiwumczynna jest codziennie z wyj\u0105tkiem sob\u00f3t, niedziel, \u015bwi\u0105t pa\u0144stwowych i ko\u015bcielnychw godzinach od 9.30 do 13.30.&nbsp; W okresie od 15 lipca do 31 sierpnia pracownia naukowa jest nieczynna.&nbsp; W zwi\u0105zku z rozbie\u017cno\u015bciami w zwyczajach zachowywania dni wolnych od pracy w r\u00f3\u017cnych instytucjach ko\u015bcielnych zach\u0119camy do sprawdzania aktualnego statusu dost\u0119pno\u015bci archiwum na niniejszej stronie.&nbsp; &hellip; <a href=\"https:\/\/archiwa.diecezja.lublin.pl\/index.php\/archiwum-godziny\/\" class=\"more-link\">Continue reading<span class=\"screen-reader-text\"> &#8222;Archiwum godziny&#8221;<\/span><\/a><\/p>\n","protected":false},"author":1,"featured_media":0,"parent":0,"menu_order":0,"comment_status":"closed","ping_status":"closed","template":"","meta":{"footnotes":""},"class_list":["post-1121","page","type-page","status-publish","hentry"],"_links":{"self":[{"href":"https:\/\/archiwa.diecezja.lublin.pl\/index.php\/wp-json\/wp\/v2\/pages\/1121","targetHints":{"allow":["GET"]}}],"collection":[{"href":"https:\/\/archiwa.diecezja.lublin.pl\/index.php\/wp-json\/wp\/v2\/pages"}],"about":[{"href":"https:\/\/archiwa.diecezja.lublin.pl\/index.php\/wp-json\/wp\/v2\/types\/page"}],"author":[{"embeddable":true,"href":"https:\/\/archiwa.diecezja.lublin.pl\/index.php\/wp-json\/wp\/v2\/users\/1"}],"replies":[{"embeddable":true,"href":"https:\/\/archiwa.diecezja.lublin.pl\/index.php\/wp-json\/wp\/v2\/comments?post=1121"}],"version-history":[{"count":6,"href":"https:\/\/archiwa.diecezja.lublin.pl\/index.php\/wp-json\/wp\/v2\/pages\/1121\/revisions"}],"predecessor-version":[{"id":1281,"href":"https:\/\/archiwa.diecezja.lublin.pl\/index.php\/wp-json\/wp\/v2\/pages\/1121\/revisions\/1281"}],"wp:attachment":[{"href":"https:\/\/archiwa.diecezja.lublin.pl\/index.php\/wp-json\/wp\/v2\/media?parent=1121"}],"curies":[{"name":"wp","href":"https:\/\/api.w.org\/{rel}","templated":true}]}}