{"id":1111,"date":"2025-05-28T18:15:28","date_gmt":"2025-05-28T16:15:28","guid":{"rendered":"http:\/\/hosting2545269.online.pro\/home\/virtual\/clients\/client6\/web182\/web\/?page_id=1111"},"modified":"2025-06-26T15:03:38","modified_gmt":"2025-06-26T13:03:38","slug":"archiwum-inwentarze","status":"publish","type":"page","link":"https:\/\/archiwa.diecezja.lublin.pl\/index.php\/archiwum-inwentarze\/","title":{"rendered":"Archiwum inwentarze"},"content":{"rendered":"<div class=\"woocommerce\">\n    \n    <section class=\"u-clearfix u-valign-top-lg u-valign-top-md u-valign-top-sm u-valign-top-xs u-white u-section-2\" id=\"sec-7b2c\">\n      <div class=\"u-clearfix u-sheet u-sheet-1\">\n        <img decoding=\"async\" class=\"u-absolute-hcenter u-expanded-height u-image u-image-contain u-image-1\" src=\"https:\/\/archiwa.diecezja.lublin.pl\/wp-content\/uploads\/2025\/06\/image_with_white_gradient_border-7.png\" data-image-width=\"2000\" data-image-height=\"731\">\n      <\/div>\n    <\/section>\n    <section class=\"u-clearfix u-grey-5 u-section-3\" id=\"block-2\">\n      <div class=\"u-clearfix u-sheet u-sheet-1\">\n        <p class=\"u-align-justify u-text u-text-1\"> W archiwum znajduj\u0105 si\u0119 niezb\u0119dne pomoce archiwalne w postaci inwentarzy zasobu archiwalnego. Inwentarz akt Konsystorza Lubelskiego oraz Kurii Biskupiej w Lublinie, a tak\u017ce fragmentarycznie zachowanych w archiwum akt Konsystorza i Kurii Podlaskiej zosta\u0142 przygotowany w 1941 r. przez Aleksandra Kossowskiego. Inwentarz ma charakter maszynopisu i pozostaje podstawowym narz\u0119dziem dla kwerendy i udost\u0119pniania zasobu archiwalnego. Obejmuje on tak\u017ce ksi\u0119gi dawnego konsystorza diecezji che\u0142mskiej obrz\u0105dku \u0142aci\u0144skiego. Inwentarz zespo\u0142u Kapitu\u0142y Katedralnej Lubelskiej zosta\u0142 przygotowany w 1920 r. Ma on charakter r\u0119kopisu. Obejmuje on tak\u017ce spu\u015bcizn\u0119 che\u0142mskiej kapitu\u0142y katedralnej obrz\u0105dku \u0142aci\u0144skiego. Dla pozosta\u0142ych materia\u0142\u00f3w archiwalnych nieuj\u0119tych w inwentarzach istniej\u0105 sumaryczne spisy.<\/p>\n        <img decoding=\"async\" class=\"u-expanded-width-sm u-expanded-width-xs u-image u-image-default u-image-1\" src=\"https:\/\/archiwa.diecezja.lublin.pl\/wp-content\/uploads\/2025\/05\/DSC_0032.jpg\" alt=\"\" data-image-width=\"903\" data-image-height=\"600\">\n        <a href=\"\" class=\"u-btn u-button-style u-custom-color-6 u-hover-custom-color-5 u-btn-1\">Inwentarz w formacie .PDF<\/a>\n      <\/div>\n    <\/section>\n    \n    \n    \n    \n  \n<\/div>","protected":false},"excerpt":{"rendered":"<p>W archiwum znajduj\u0105 si\u0119 niezb\u0119dne pomoce archiwalne w postaci inwentarzy zasobu archiwalnego. Inwentarz akt Konsystorza Lubelskiego oraz Kurii Biskupiej w Lublinie, a tak\u017ce fragmentarycznie zachowanych w archiwum akt Konsystorza i Kurii Podlaskiej zosta\u0142 przygotowany w 1941 r. przez Aleksandra Kossowskiego. Inwentarz ma charakter maszynopisu i pozostaje podstawowym narz\u0119dziem dla kwerendy i udost\u0119pniania zasobu archiwalnego. Obejmuje &hellip; <a href=\"https:\/\/archiwa.diecezja.lublin.pl\/index.php\/archiwum-inwentarze\/\" class=\"more-link\">Continue reading<span class=\"screen-reader-text\"> &#8222;Archiwum inwentarze&#8221;<\/span><\/a><\/p>\n","protected":false},"author":1,"featured_media":0,"parent":0,"menu_order":0,"comment_status":"closed","ping_status":"closed","template":"","meta":{"footnotes":""},"class_list":["post-1111","page","type-page","status-publish","hentry"],"_links":{"self":[{"href":"https:\/\/archiwa.diecezja.lublin.pl\/index.php\/wp-json\/wp\/v2\/pages\/1111","targetHints":{"allow":["GET"]}}],"collection":[{"href":"https:\/\/archiwa.diecezja.lublin.pl\/index.php\/wp-json\/wp\/v2\/pages"}],"about":[{"href":"https:\/\/archiwa.diecezja.lublin.pl\/index.php\/wp-json\/wp\/v2\/types\/page"}],"author":[{"embeddable":true,"href":"https:\/\/archiwa.diecezja.lublin.pl\/index.php\/wp-json\/wp\/v2\/users\/1"}],"replies":[{"embeddable":true,"href":"https:\/\/archiwa.diecezja.lublin.pl\/index.php\/wp-json\/wp\/v2\/comments?post=1111"}],"version-history":[{"count":7,"href":"https:\/\/archiwa.diecezja.lublin.pl\/index.php\/wp-json\/wp\/v2\/pages\/1111\/revisions"}],"predecessor-version":[{"id":1317,"href":"https:\/\/archiwa.diecezja.lublin.pl\/index.php\/wp-json\/wp\/v2\/pages\/1111\/revisions\/1317"}],"wp:attachment":[{"href":"https:\/\/archiwa.diecezja.lublin.pl\/index.php\/wp-json\/wp\/v2\/media?parent=1111"}],"curies":[{"name":"wp","href":"https:\/\/api.w.org\/{rel}","templated":true}]}}