{"id":1106,"date":"2025-05-28T18:16:23","date_gmt":"2025-05-28T16:16:23","guid":{"rendered":"http:\/\/hosting2545269.online.pro\/home\/virtual\/clients\/client6\/web182\/web\/?page_id=1106"},"modified":"2025-06-26T14:58:20","modified_gmt":"2025-06-26T12:58:20","slug":"archiwum-zespoly","status":"publish","type":"page","link":"https:\/\/archiwa.diecezja.lublin.pl\/index.php\/archiwum-zespoly\/","title":{"rendered":"Archiwum zespo\u0142y"},"content":{"rendered":"<div class=\"woocommerce\">\n    \n    <section class=\"u-clearfix u-valign-top-lg u-valign-top-md u-valign-top-sm u-valign-top-xs u-white u-section-2\" id=\"sec-b458\">\n      <div class=\"u-clearfix u-sheet u-sheet-1\">\n        <img decoding=\"async\" class=\"u-absolute-hcenter u-expanded-height u-image u-image-contain u-image-1\" src=\"https:\/\/archiwa.diecezja.lublin.pl\/wp-content\/uploads\/2025\/06\/image_with_white_gradient_border-15.png\" data-image-width=\"2000\" data-image-height=\"731\">\n      <\/div>\n    <\/section>\n    <section class=\"u-clearfix u-grey-5 u-section-3\" id=\"block-2\">\n      <div class=\"u-clearfix u-sheet u-sheet-1\">\n        <p class=\"u-align-justify u-text u-text-1\"> Materia\u0142y przechowywane w archiwum nale\u017c\u0105 do najcenniejszych w kraju. Sk\u0142adaj\u0105 si\u0119 na nie m.in. takie serie ksi\u0105g jak ksi\u0119gi oficjalatu foralnego lubelskiego poczynaj\u0105c od XV wieku, ksi\u0119gi wizytacyjne archidiakonatu lubelskiego od XVII wieku, ksi\u0119gi czynno\u015bci \u0142aci\u0144skich biskup\u00f3w che\u0142mskich oraz ksi\u0119gi wizytacji biskupich od XVII stulecia, ksi\u0119gi posiedze\u0144 \u0142aci\u0144skiej kapitu\u0142y che\u0142mskiej i ksi\u0119gi posiedze\u0144 kapitu\u0142y kolegiackiej lubelskiej od XVII wieku. Do zasobu nale\u017c\u0105 pergaminy, z kt\u00f3rych najstarsze si\u0119gaj\u0105 XV stulecia.Pod wzgl\u0119dem formalnym zas\u00f3b archiwum tworz\u0105 dwie grupy akt. W pierwszej znajduj\u0105 si\u0119 ksi\u0119gi w uk\u0142adzie chronologicznym, w drugiej za\u015b akta spraw w postaci poszyt\u00f3w wed\u0142ug uk\u0142adu rzeczowego, podzielone zgodnie z proweniencj\u0105&nbsp;na akta konsystorza oraz kurii lubelskiej. <\/p>\n        <img decoding=\"async\" class=\"u-expanded-width-sm u-expanded-width-xs u-image u-image-default u-image-1\" src=\"https:\/\/archiwa.diecezja.lublin.pl\/wp-content\/uploads\/2025\/05\/DSC_0005.jpg\" alt=\"\" data-image-width=\"903\" data-image-height=\"600\">\n        <p class=\"u-align-justify u-text u-text-2\"> Osobne zespo\u0142y przechowywane w archiwum archidiecezjalnym tworz\u0105 archiwum kapitu\u0142y katedralnej, fragmentaryczne pozosta\u0142o\u015bci akt konsystorza i kurii podlaskiej oraz duplikaty ksi\u0105g metrykalnych z poszczeg\u00f3lnych parafii archidiecezji lubelskiej od 1946 roku. Cz\u0119\u015b\u0107 zasobu archiwalnego zosta\u0142a zmikrofilmowana w ramach dzia\u0142alno\u015bci O\u015brodka Archiwa, Biblioteki i Muzea Ko\u015bcielne, funkcjonuj\u0105cego w strukturze Katolickiego Uniwersytetu Lubelskiego Jana Paw\u0142a II.Archiwum Archidiecezjalne Lubelskie, zgodnie ze swoim powo\u0142aniem, na bie\u017c\u0105co przejmuje wytwory aktotw\u00f3rczej dzia\u0142alno\u015bci urz\u0119du arcybiskupiego, poszczeg\u00f3lnych agend kurialnych oraz duplikaty akt metrykalnych z parafii archidiecezji lubelskiej. W chwili obecnej dost\u0119pne s\u0105 do wykorzystania przez zainteresowanych materia\u0142y historyczne obejmuj\u0105ce okres do ko\u0144ca drugiej wojny \u015bwiatowej. Opracowaniu, z zamiarem udost\u0119pnienia w najbli\u017cszym czasie, podlegaj\u0105 aktualnie archiwalia do roku 1982.<\/p>\n      <\/div>\n    <\/section>\n    \n    \n    \n    \n  \n<\/div>","protected":false},"excerpt":{"rendered":"<p>Materia\u0142y przechowywane w archiwum nale\u017c\u0105 do najcenniejszych w kraju. Sk\u0142adaj\u0105 si\u0119 na nie m.in. takie serie ksi\u0105g jak ksi\u0119gi oficjalatu foralnego lubelskiego poczynaj\u0105c od XV wieku, ksi\u0119gi wizytacyjne archidiakonatu lubelskiego od XVII wieku, ksi\u0119gi czynno\u015bci \u0142aci\u0144skich biskup\u00f3w che\u0142mskich oraz ksi\u0119gi wizytacji biskupich od XVII stulecia, ksi\u0119gi posiedze\u0144 \u0142aci\u0144skiej kapitu\u0142y che\u0142mskiej i ksi\u0119gi posiedze\u0144 kapitu\u0142y kolegiackiej &hellip; <a href=\"https:\/\/archiwa.diecezja.lublin.pl\/index.php\/archiwum-zespoly\/\" class=\"more-link\">Continue reading<span class=\"screen-reader-text\"> &#8222;Archiwum zespo\u0142y&#8221;<\/span><\/a><\/p>\n","protected":false},"author":1,"featured_media":0,"parent":0,"menu_order":0,"comment_status":"closed","ping_status":"closed","template":"","meta":{"footnotes":""},"class_list":["post-1106","page","type-page","status-publish","hentry"],"_links":{"self":[{"href":"https:\/\/archiwa.diecezja.lublin.pl\/index.php\/wp-json\/wp\/v2\/pages\/1106","targetHints":{"allow":["GET"]}}],"collection":[{"href":"https:\/\/archiwa.diecezja.lublin.pl\/index.php\/wp-json\/wp\/v2\/pages"}],"about":[{"href":"https:\/\/archiwa.diecezja.lublin.pl\/index.php\/wp-json\/wp\/v2\/types\/page"}],"author":[{"embeddable":true,"href":"https:\/\/archiwa.diecezja.lublin.pl\/index.php\/wp-json\/wp\/v2\/users\/1"}],"replies":[{"embeddable":true,"href":"https:\/\/archiwa.diecezja.lublin.pl\/index.php\/wp-json\/wp\/v2\/comments?post=1106"}],"version-history":[{"count":8,"href":"https:\/\/archiwa.diecezja.lublin.pl\/index.php\/wp-json\/wp\/v2\/pages\/1106\/revisions"}],"predecessor-version":[{"id":1316,"href":"https:\/\/archiwa.diecezja.lublin.pl\/index.php\/wp-json\/wp\/v2\/pages\/1106\/revisions\/1316"}],"wp:attachment":[{"href":"https:\/\/archiwa.diecezja.lublin.pl\/index.php\/wp-json\/wp\/v2\/media?parent=1106"}],"curies":[{"name":"wp","href":"https:\/\/api.w.org\/{rel}","templated":true}]}}