{"id":1101,"date":"2025-05-28T18:15:54","date_gmt":"2025-05-28T16:15:54","guid":{"rendered":"http:\/\/hosting2545269.online.pro\/home\/virtual\/clients\/client6\/web182\/web\/?page_id=1101"},"modified":"2025-06-11T17:43:39","modified_gmt":"2025-06-11T15:43:39","slug":"archiwum-pracownicy","status":"publish","type":"page","link":"https:\/\/archiwa.diecezja.lublin.pl\/index.php\/archiwum-pracownicy\/","title":{"rendered":"Archiwum pracownicy"},"content":{"rendered":"<div class=\"woocommerce\">\n    \n    <section class=\"u-clearfix u-valign-top-lg u-valign-top-md u-valign-top-sm u-valign-top-xs u-white u-section-2\" id=\"sec-a53d\">\n      <div class=\"u-clearfix u-sheet u-sheet-1\">\n        <img decoding=\"async\" class=\"u-absolute-hcenter u-expanded-height u-image u-image-contain u-image-1\" src=\"https:\/\/archiwa.diecezja.lublin.pl\/wp-content\/uploads\/2025\/06\/image_with_white_gradient_border-11.png\" data-image-width=\"2000\" data-image-height=\"731\">\n      <\/div>\n    <\/section>\n    <section class=\"u-clearfix u-grey-5 u-section-3\" id=\"block-2\">\n      <div class=\"u-clearfix u-sheet u-valign-middle-lg u-valign-middle-sm u-valign-middle-xs u-sheet-1\">\n        <img decoding=\"async\" class=\"u-image u-image-default u-image-1\" src=\"https:\/\/archiwa.diecezja.lublin.pl\/wp-content\/uploads\/2025\/05\/8717483297.jpg\" alt=\"\" data-image-width=\"398\" data-image-height=\"600\">\n        <p class=\"u-align-left u-text u-text-1\"> Pracownicy Archiwum Archidiecezjalnego Lubelskiego&nbsp;&nbsp;<br>\n          <br>Dyrektor:&nbsp; &nbsp; &nbsp; &nbsp; &nbsp;<br><span style=\"font-weight: 400;\">ks. dr hab. Jaros\u0142aw R. Marczewski&nbsp;<\/span>\n          <br>\n          <br>Archiwi\u015bci:&nbsp; &nbsp; &nbsp; &nbsp;<br><span style=\"font-weight: 400;\">s. mgr Karolina Anna Ko\u0142odziejczyk CSFB&nbsp; (dzia\u0142 historyczny)&nbsp; &nbsp; &nbsp; &nbsp; &nbsp; &nbsp; &nbsp; &nbsp; &nbsp; &nbsp; &nbsp; &nbsp;<br>ks. mgr lic. Krzysztof Czajka&nbsp;(dzia\u0142 metrykalny)<\/span>\n        <\/p>\n      <\/div>\n    <\/section>\n    \n    \n    \n    \n  \n<\/div>","protected":false},"excerpt":{"rendered":"<p>Pracownicy Archiwum Archidiecezjalnego Lubelskiego&nbsp;&nbsp; Dyrektor:&nbsp; &nbsp; &nbsp; &nbsp; &nbsp;ks. dr hab. Jaros\u0142aw R. Marczewski&nbsp; Archiwi\u015bci:&nbsp; &nbsp; &nbsp; &nbsp;s. mgr Karolina Anna Ko\u0142odziejczyk CSFB&nbsp; (dzia\u0142 historyczny)&nbsp; &nbsp; &nbsp; &nbsp; &nbsp; &nbsp; &nbsp; &nbsp; &nbsp; &nbsp; &nbsp; &nbsp;ks. mgr lic. Krzysztof Czajka&nbsp;(dzia\u0142 metrykalny)<\/p>\n","protected":false},"author":1,"featured_media":0,"parent":0,"menu_order":0,"comment_status":"closed","ping_status":"closed","template":"","meta":{"footnotes":""},"class_list":["post-1101","page","type-page","status-publish","hentry"],"_links":{"self":[{"href":"https:\/\/archiwa.diecezja.lublin.pl\/index.php\/wp-json\/wp\/v2\/pages\/1101","targetHints":{"allow":["GET"]}}],"collection":[{"href":"https:\/\/archiwa.diecezja.lublin.pl\/index.php\/wp-json\/wp\/v2\/pages"}],"about":[{"href":"https:\/\/archiwa.diecezja.lublin.pl\/index.php\/wp-json\/wp\/v2\/types\/page"}],"author":[{"embeddable":true,"href":"https:\/\/archiwa.diecezja.lublin.pl\/index.php\/wp-json\/wp\/v2\/users\/1"}],"replies":[{"embeddable":true,"href":"https:\/\/archiwa.diecezja.lublin.pl\/index.php\/wp-json\/wp\/v2\/comments?post=1101"}],"version-history":[{"count":6,"href":"https:\/\/archiwa.diecezja.lublin.pl\/index.php\/wp-json\/wp\/v2\/pages\/1101\/revisions"}],"predecessor-version":[{"id":1297,"href":"https:\/\/archiwa.diecezja.lublin.pl\/index.php\/wp-json\/wp\/v2\/pages\/1101\/revisions\/1297"}],"wp:attachment":[{"href":"https:\/\/archiwa.diecezja.lublin.pl\/index.php\/wp-json\/wp\/v2\/media?parent=1101"}],"curies":[{"name":"wp","href":"https:\/\/api.w.org\/{rel}","templated":true}]}}